{"id":224,"date":"2025-02-11T09:55:20","date_gmt":"2025-02-11T14:55:20","guid":{"rendered":"https:\/\/formation.poolafi.ca\/?page_id=224"},"modified":"2026-04-02T12:17:52","modified_gmt":"2026-04-02T16:17:52","slug":"prix-et-etapes-dachat","status":"publish","type":"page","link":"https:\/\/formation.poolafi.ca\/fr\/prix-et-etapes-dachat\/","title":{"rendered":"Prix et \u00e9tapes d&#8217;achat"},"content":{"rendered":"<div data-elementor-type=\"wp-page\" data-elementor-id=\"224\" class=\"elementor elementor-224\" data-elementor-post-type=\"page\">\n\t\t\t\t<div class=\"elementor-element elementor-element-30ae2f4 e-con-full e-flex e-con e-parent\" data-id=\"30ae2f4\" data-element_type=\"container\" data-e-type=\"container\">\n\t\t<div class=\"elementor-element elementor-element-3de6f73 e-con-full e-flex e-con e-child\" data-id=\"3de6f73\" data-element_type=\"container\" data-e-type=\"container\" data-no-translation=\"\">\n\t\t\t\t<div class=\"elementor-element elementor-element-556f8cb elementor-widget elementor-widget-heading\" data-id=\"556f8cb\" data-element_type=\"widget\" data-e-type=\"widget\" data-widget_type=\"heading.default\">\n\t\t\t\t\t<h2 class=\"elementor-heading-title elementor-size-default\">Acc\u00e8s aux formations r\u00e9serv\u00e9 aux membres<\/h2>\t\t\t\t<\/div>\n\t\t\t\t<div class=\"elementor-element elementor-element-a1940f9 animated-slow elementor-widget elementor-widget-heading\" data-id=\"a1940f9\" data-element_type=\"widget\" data-e-type=\"widget\" data-settings=\"{&quot;_animation&quot;:&quot;none&quot;}\" data-widget_type=\"heading.default\">\n\t\t\t\t\t<h2 class=\"elementor-heading-title elementor-size-default\">Pour acc\u00e9der \u00e0 nos formations et apprendre \u00e0 bien pr\u00e9parer l\u2019installation de votre piscine, vous devez vous inscrire et obtenir une approbation. Une fois votre demande valid\u00e9e, vous pourrez explorer nos contenus sp\u00e9cialis\u00e9s et b\u00e9n\u00e9ficier de conseils d\u2019experts. Inscrivez-vous d\u00e8s maintenant!<\/h2>\t\t\t\t<\/div>\n\t\t<div class=\"elementor-element elementor-element-5bbaf75 e-con-full e-flex e-con e-child\" data-id=\"5bbaf75\" data-element_type=\"container\" data-e-type=\"container\">\n\t\t\t\t<div class=\"elementor-element elementor-element-fa3aa60 elementor-align-center elementor-widget elementor-widget-button\" data-id=\"fa3aa60\" data-element_type=\"widget\" data-e-type=\"widget\" data-widget_type=\"button.default\">\n\t\t\t\t\t\t\t\t\t\t<a class=\"elementor-button elementor-button-link elementor-size-sm\" href=\"\/fr\/\/inscription-apprenant\/\">\n\t\t\t\t\t\t<span class=\"elementor-button-content-wrapper\">\n\t\t\t\t\t\t<span class=\"elementor-button-icon\">\n\t\t\t\t<svg aria-hidden=\"true\" class=\"e-font-icon-svg e-fas-file-signature\" viewbox=\"0 0 576 512\" xmlns=\"http:\/\/www.w3.org\/2000\/svg\"><path d=\"M218.17 424.14c-2.95-5.92-8.09-6.52-10.17-6.52s-7.22.59-10.02 6.19l-7.67 15.34c-6.37 12.78-25.03 11.37-29.48-2.09L144 386.59l-10.61 31.88c-5.89 17.66-22.38 29.53-41 29.53H80c-8.84 0-16-7.16-16-16s7.16-16 16-16h12.39c4.83 0 9.11-3.08 10.64-7.66l18.19-54.64c3.3-9.81 12.44-16.41 22.78-16.41s19.48 6.59 22.77 16.41l13.88 41.64c19.75-16.19 54.06-9.7 66 14.16 1.89 3.78 5.49 5.95 9.36 6.26v-82.12l128-127.09V160H248c-13.2 0-24-10.8-24-24V0H24C10.7 0 0 10.7 0 24v464c0 13.3 10.7 24 24 24h336c13.3 0 24-10.7 24-24v-40l-128-.11c-16.12-.31-30.58-9.28-37.83-23.75zM384 121.9c0-6.3-2.5-12.4-7-16.9L279.1 7c-4.5-4.5-10.6-7-17-7H256v128h128v-6.1zm-96 225.06V416h68.99l161.68-162.78-67.88-67.88L288 346.96zm280.54-179.63l-31.87-31.87c-9.94-9.94-26.07-9.94-36.01 0l-27.25 27.25 67.88 67.88 27.25-27.25c9.95-9.94 9.95-26.07 0-36.01z\"><\/path><\/svg>\t\t\t<\/span>\n\t\t\t\t\t\t\t\t\t<span class=\"elementor-button-text\">S'enregistrer<\/span>\n\t\t\t\t\t<\/span>\n\t\t\t\t\t<\/a>\n\t\t\t\t\t\t\t\t<\/div>\n\t\t\t\t<div class=\"elementor-element elementor-element-e73d508 elementor-align-center elementor-widget elementor-widget-button\" data-id=\"e73d508\" data-element_type=\"widget\" data-e-type=\"widget\" data-widget_type=\"button.default\">\n\t\t\t\t\t\t\t\t\t\t<a class=\"elementor-button elementor-button-link elementor-size-sm\" href=\"\/fr\/\/tableau-de-bord\">\n\t\t\t\t\t\t<span class=\"elementor-button-content-wrapper\">\n\t\t\t\t\t\t<span class=\"elementor-button-icon\">\n\t\t\t\t<svg aria-hidden=\"true\" class=\"e-font-icon-svg e-fas-sign-in-alt\" viewbox=\"0 0 512 512\" xmlns=\"http:\/\/www.w3.org\/2000\/svg\"><path d=\"M416 448h-84c-6.6 0-12-5.4-12-12v-40c0-6.6 5.4-12 12-12h84c17.7 0 32-14.3 32-32V160c0-17.7-14.3-32-32-32h-84c-6.6 0-12-5.4-12-12V76c0-6.6 5.4-12 12-12h84c53 0 96 43 96 96v192c0 53-43 96-96 96zm-47-201L201 79c-15-15-41-4.5-41 17v96H24c-13.3 0-24 10.7-24 24v96c0 13.3 10.7 24 24 24h136v96c0 21.5 26 32 41 17l168-168c9.3-9.4 9.3-24.6 0-34z\"><\/path><\/svg>\t\t\t<\/span>\n\t\t\t\t\t\t\t\t\t<span class=\"elementor-button-text\">Se Connecter<\/span>\n\t\t\t\t\t<\/span>\n\t\t\t\t\t<\/a>\n\t\t\t\t\t\t\t\t<\/div>\n\t\t\t\t<\/div>\n\t\t\t\t<\/div>\n\t\t\t\t<\/div>\n\t\t\t\t<\/div>","protected":false},"excerpt":{"rendered":"<p>Pool Packages Our Spas Package Notre liste de prix &#8211; QC Votre Escompte: Download Our price List- Ont Your Discount: Download Order Form Contenu Exclusif pour les Dipl\u00f4m\u00e9s de la Formation \ud83d\udce2 F\u00e9licitations ! Ce contenu est r\u00e9serv\u00e9 uniquement aux participants ayant compl\u00e9t\u00e9 avec succ\u00e8s leur formation. Si vous avez termin\u00e9 votre cours, vous devriez [&hellip;]<\/p>\n","protected":false},"author":1,"featured_media":0,"parent":0,"menu_order":0,"comment_status":"closed","ping_status":"closed","template":"","meta":{"footnotes":""},"class_list":["post-224","page","type-page","status-publish","hentry"],"_links":{"self":[{"href":"https:\/\/formation.poolafi.ca\/fr\/wp-json\/wp\/v2\/pages\/224","targetHints":{"allow":["GET"]}}],"collection":[{"href":"https:\/\/formation.poolafi.ca\/fr\/wp-json\/wp\/v2\/pages"}],"about":[{"href":"https:\/\/formation.poolafi.ca\/fr\/wp-json\/wp\/v2\/types\/page"}],"author":[{"embeddable":true,"href":"https:\/\/formation.poolafi.ca\/fr\/wp-json\/wp\/v2\/users\/1"}],"replies":[{"embeddable":true,"href":"https:\/\/formation.poolafi.ca\/fr\/wp-json\/wp\/v2\/comments?post=224"}],"version-history":[{"count":81,"href":"https:\/\/formation.poolafi.ca\/fr\/wp-json\/wp\/v2\/pages\/224\/revisions"}],"predecessor-version":[{"id":1902,"href":"https:\/\/formation.poolafi.ca\/fr\/wp-json\/wp\/v2\/pages\/224\/revisions\/1902"}],"wp:attachment":[{"href":"https:\/\/formation.poolafi.ca\/fr\/wp-json\/wp\/v2\/media?parent=224"}],"curies":[{"name":"wp","href":"https:\/\/api.w.org\/{rel}","templated":true}]}}