{"id":21,"date":"2025-01-16T15:58:20","date_gmt":"2025-01-16T20:58:20","guid":{"rendered":"https:\/\/formation.poolafi.ca\/?page_id=21"},"modified":"2025-07-22T17:39:55","modified_gmt":"2025-07-22T21:39:55","slug":"accueil","status":"publish","type":"page","link":"https:\/\/formation.poolafi.ca\/fr\/","title":{"rendered":"Accueil"},"content":{"rendered":"<div data-elementor-type=\"wp-page\" data-elementor-id=\"21\" class=\"elementor elementor-21\" data-elementor-post-type=\"page\">\n\t\t\t\t<main class=\"elementor-element elementor-element-a855933 e-con-full e-flex e-con e-parent\" data-id=\"a855933\" data-element_type=\"container\" data-e-type=\"container\">\n\t\t<div class=\"elementor-element elementor-element-b078ea1 e-flex e-con-boxed e-con e-child\" data-id=\"b078ea1\" data-element_type=\"container\" data-e-type=\"container\" data-settings=\"{&quot;background_background&quot;:&quot;classic&quot;}\" data-no-translation=\"\">\n\t\t\t\t\t<div class=\"e-con-inner\">\n\t\t\t\t<div class=\"elementor-element elementor-element-d7b156a animated-slow elementor-widget elementor-widget-heading\" data-id=\"d7b156a\" data-element_type=\"widget\" data-e-type=\"widget\" data-settings=\"{&quot;_animation&quot;:&quot;none&quot;}\" data-widget_type=\"heading.default\">\n\t\t\t\t\t<h2 class=\"elementor-heading-title elementor-size-default\">Plateforme pour les installateurs<\/h2>\t\t\t\t<\/div>\n\t\t<div class=\"elementor-element elementor-element-8a99fdd e-flex e-con-boxed e-con e-child\" data-id=\"8a99fdd\" data-element_type=\"container\" data-e-type=\"container\">\n\t\t\t\t\t<div class=\"e-con-inner\">\n\t\t<div class=\"elementor-element elementor-element-02d0f2b e-con-full e-flex e-con e-child\" data-id=\"02d0f2b\" data-element_type=\"container\" data-e-type=\"container\">\n\t\t\t\t<div class=\"elementor-element elementor-element-c8e8408 elementor-widget elementor-widget-image\" data-id=\"c8e8408\" data-element_type=\"widget\" data-e-type=\"widget\" data-widget_type=\"image.default\">\n\t\t\t\t\t\t\t\t\t\t\t\t\t\t\t<img fetchpriority=\"high\" decoding=\"async\" width=\"800\" height=\"800\" src=\"https:\/\/formation.poolafi.ca\/wp-content\/uploads\/2025\/02\/professor-is-doing-online-lecture-1024x1024.jpg\" class=\"attachment-large size-large wp-image-210\" alt=\"Professor is doing online lecture\" srcset=\"https:\/\/formation.poolafi.ca\/wp-content\/uploads\/2025\/02\/professor-is-doing-online-lecture-1024x1024.jpg 1024w, https:\/\/formation.poolafi.ca\/wp-content\/uploads\/2025\/02\/professor-is-doing-online-lecture-300x300.jpg 300w, https:\/\/formation.poolafi.ca\/wp-content\/uploads\/2025\/02\/professor-is-doing-online-lecture-150x150.jpg 150w, https:\/\/formation.poolafi.ca\/wp-content\/uploads\/2025\/02\/professor-is-doing-online-lecture-768x768.jpg 768w, https:\/\/formation.poolafi.ca\/wp-content\/uploads\/2025\/02\/professor-is-doing-online-lecture-1536x1536.jpg 1536w, https:\/\/formation.poolafi.ca\/wp-content\/uploads\/2025\/02\/professor-is-doing-online-lecture-12x12.jpg 12w, https:\/\/formation.poolafi.ca\/wp-content\/uploads\/2025\/02\/professor-is-doing-online-lecture.jpg 2000w\" sizes=\"(max-width: 800px) 100vw, 800px\" \/>\t\t\t\t\t\t\t\t\t\t\t\t\t\t\t<\/div>\n\t\t\t\t<div class=\"elementor-element elementor-element-0b74678 elementor-widget elementor-widget-image-box\" data-id=\"0b74678\" data-element_type=\"widget\" data-e-type=\"widget\" data-widget_type=\"image-box.default\">\n\t\t\t\t\t<div class=\"elementor-image-box-wrapper\"><div class=\"elementor-image-box-content\"><h3 class=\"elementor-image-box-title\">Formations<\/h3><p class=\"elementor-image-box-description\">Apprenez \u00e0 bien pr\u00e9parer l\u2019installation de votre piscine gr\u00e2ce \u00e0 nos formations d\u00e9taill\u00e9es. De la planification aux meilleures pratiques, devenez autonome et confiant dans votre projet.<\/p><\/div><\/div>\t\t\t\t<\/div>\n\t\t\t\t<div class=\"elementor-element elementor-element-91ba82a elementor-align-justify elementor-widget elementor-widget-button\" data-id=\"91ba82a\" data-element_type=\"widget\" data-e-type=\"widget\" data-widget_type=\"button.default\">\n\t\t\t\t\t\t\t\t\t\t<a class=\"elementor-button elementor-button-link elementor-size-sm\" href=\"\/fr\/formations\">\n\t\t\t\t\t\t<span class=\"elementor-button-content-wrapper\">\n\t\t\t\t\t\t\t\t\t<span class=\"elementor-button-text\">Formations<\/span>\n\t\t\t\t\t<\/span>\n\t\t\t\t\t<\/a>\n\t\t\t\t\t\t\t\t<\/div>\n\t\t\t\t<\/div>\n\t\t<div class=\"elementor-element elementor-element-433b55b e-con-full e-flex e-con e-child\" data-id=\"433b55b\" data-element_type=\"container\" data-e-type=\"container\">\n\t\t\t\t<div class=\"elementor-element elementor-element-8222fca elementor-widget elementor-widget-image\" data-id=\"8222fca\" data-element_type=\"widget\" data-e-type=\"widget\" data-widget_type=\"image.default\">\n\t\t\t\t\t\t\t\t\t\t\t\t\t\t\t<img decoding=\"async\" width=\"800\" height=\"800\" src=\"https:\/\/formation.poolafi.ca\/wp-content\/uploads\/2025\/01\/guiding-her-through-the-consultation-e1718380985373-1024x1024.jpg\" class=\"attachment-large size-large wp-image-34\" alt=\"\" srcset=\"https:\/\/formation.poolafi.ca\/wp-content\/uploads\/2025\/01\/guiding-her-through-the-consultation-e1718380985373-1024x1024.jpg 1024w, https:\/\/formation.poolafi.ca\/wp-content\/uploads\/2025\/01\/guiding-her-through-the-consultation-e1718380985373-300x300.jpg 300w, https:\/\/formation.poolafi.ca\/wp-content\/uploads\/2025\/01\/guiding-her-through-the-consultation-e1718380985373-150x150.jpg 150w, https:\/\/formation.poolafi.ca\/wp-content\/uploads\/2025\/01\/guiding-her-through-the-consultation-e1718380985373-768x767.jpg 768w, https:\/\/formation.poolafi.ca\/wp-content\/uploads\/2025\/01\/guiding-her-through-the-consultation-e1718380985373-12x12.jpg 12w, https:\/\/formation.poolafi.ca\/wp-content\/uploads\/2025\/01\/guiding-her-through-the-consultation-e1718380985373.webp 1336w\" sizes=\"(max-width: 800px) 100vw, 800px\" \/>\t\t\t\t\t\t\t\t\t\t\t\t\t\t\t<\/div>\n\t\t\t\t<div class=\"elementor-element elementor-element-943486a elementor-widget elementor-widget-image-box\" data-id=\"943486a\" data-element_type=\"widget\" data-e-type=\"widget\" data-widget_type=\"image-box.default\">\n\t\t\t\t\t<div class=\"elementor-image-box-wrapper\"><div class=\"elementor-image-box-content\"><h3 class=\"elementor-image-box-title\">Documentation<\/h3><p class=\"elementor-image-box-description\">Consultez nos guides techniques et fiches explicatives pour chaque \u00e9tape de la pr\u00e9paration de votre installation. Des ressources claires pour vous aider \u00e0 bien structurer votre projet.<\/p><\/div><\/div>\t\t\t\t<\/div>\n\t\t\t\t<div class=\"elementor-element elementor-element-b227654 elementor-align-justify elementor-widget elementor-widget-button\" data-id=\"b227654\" data-element_type=\"widget\" data-e-type=\"widget\" data-widget_type=\"button.default\">\n\t\t\t\t\t\t\t\t\t\t<a class=\"elementor-button elementor-button-link elementor-size-sm\" href=\"\/fr\/documentation\">\n\t\t\t\t\t\t<span class=\"elementor-button-content-wrapper\">\n\t\t\t\t\t\t\t\t\t<span class=\"elementor-button-text\">Documentation<\/span>\n\t\t\t\t\t<\/span>\n\t\t\t\t\t<\/a>\n\t\t\t\t\t\t\t\t<\/div>\n\t\t\t\t<\/div>\n\t\t<div class=\"elementor-element elementor-element-077abe8 e-con-full e-flex e-con e-child\" data-id=\"077abe8\" data-element_type=\"container\" data-e-type=\"container\">\n\t\t\t\t<div class=\"elementor-element elementor-element-6b4179d elementor-widget elementor-widget-image\" data-id=\"6b4179d\" data-element_type=\"widget\" data-e-type=\"widget\" data-widget_type=\"image.default\">\n\t\t\t\t\t\t\t\t\t\t\t\t\t\t\t<img decoding=\"async\" width=\"800\" height=\"800\" src=\"https:\/\/formation.poolafi.ca\/wp-content\/uploads\/2025\/01\/service-clientele.png\" class=\"attachment-large size-large wp-image-35\" alt=\"\" srcset=\"https:\/\/formation.poolafi.ca\/wp-content\/uploads\/2025\/01\/service-clientele.png 1024w, https:\/\/formation.poolafi.ca\/wp-content\/uploads\/2025\/01\/service-clientele-300x300.png 300w, https:\/\/formation.poolafi.ca\/wp-content\/uploads\/2025\/01\/service-clientele-150x150.png 150w, https:\/\/formation.poolafi.ca\/wp-content\/uploads\/2025\/01\/service-clientele-768x768.png 768w, https:\/\/formation.poolafi.ca\/wp-content\/uploads\/2025\/01\/service-clientele-12x12.png 12w\" sizes=\"(max-width: 800px) 100vw, 800px\" \/>\t\t\t\t\t\t\t\t\t\t\t\t\t\t\t<\/div>\n\t\t\t\t<div class=\"elementor-element elementor-element-4646545 elementor-widget elementor-widget-image-box\" data-id=\"4646545\" data-element_type=\"widget\" data-e-type=\"widget\" data-widget_type=\"image-box.default\">\n\t\t\t\t\t<div class=\"elementor-image-box-wrapper\"><div class=\"elementor-image-box-content\"><h3 class=\"elementor-image-box-title\">Services<\/h3><p class=\"elementor-image-box-description\">Obtenez un accompagnement sur mesure pour pr\u00e9parer votre terrain, choisir les bons mat\u00e9riaux et \u00e9viter les erreurs courantes avant l\u2019installation de votre piscine.<\/p><\/div><\/div>\t\t\t\t<\/div>\n\t\t\t\t<div class=\"elementor-element elementor-element-a2b7531 elementor-align-justify elementor-widget elementor-widget-button\" data-id=\"a2b7531\" data-element_type=\"widget\" data-e-type=\"widget\" data-widget_type=\"button.default\">\n\t\t\t\t\t\t\t\t\t\t<a class=\"elementor-button elementor-button-link elementor-size-sm\" href=\"\/fr\/services\">\n\t\t\t\t\t\t<span class=\"elementor-button-content-wrapper\">\n\t\t\t\t\t\t\t\t\t<span class=\"elementor-button-text\">Services<\/span>\n\t\t\t\t\t<\/span>\n\t\t\t\t\t<\/a>\n\t\t\t\t\t\t\t\t<\/div>\n\t\t\t\t<\/div>\n\t\t<div class=\"elementor-element elementor-element-aa03949 e-con-full e-flex e-con e-child\" data-id=\"aa03949\" data-element_type=\"container\" data-e-type=\"container\">\n\t\t\t\t<div class=\"elementor-element elementor-element-33d3c47 elementor-widget elementor-widget-image\" data-id=\"33d3c47\" data-element_type=\"widget\" data-e-type=\"widget\" data-widget_type=\"image.default\">\n\t\t\t\t\t\t\t\t\t\t\t\t\t\t\t<img loading=\"lazy\" decoding=\"async\" width=\"800\" height=\"800\" src=\"https:\/\/formation.poolafi.ca\/wp-content\/uploads\/2025\/02\/different-business-objects-on-the-workplace-1024x1024.jpg\" class=\"attachment-large size-large wp-image-212\" alt=\"Different business objects on the workplace\" srcset=\"https:\/\/formation.poolafi.ca\/wp-content\/uploads\/2025\/02\/different-business-objects-on-the-workplace-1024x1024.jpg 1024w, https:\/\/formation.poolafi.ca\/wp-content\/uploads\/2025\/02\/different-business-objects-on-the-workplace-300x300.webp 300w, https:\/\/formation.poolafi.ca\/wp-content\/uploads\/2025\/02\/different-business-objects-on-the-workplace-150x150.jpg 150w, https:\/\/formation.poolafi.ca\/wp-content\/uploads\/2025\/02\/different-business-objects-on-the-workplace-768x768.jpg 768w, https:\/\/formation.poolafi.ca\/wp-content\/uploads\/2025\/02\/different-business-objects-on-the-workplace-1536x1536.jpg 1536w, https:\/\/formation.poolafi.ca\/wp-content\/uploads\/2025\/02\/different-business-objects-on-the-workplace-12x12.jpg 12w, https:\/\/formation.poolafi.ca\/wp-content\/uploads\/2025\/02\/different-business-objects-on-the-workplace.webp 1920w\" sizes=\"(max-width: 800px) 100vw, 800px\" \/>\t\t\t\t\t\t\t\t\t\t\t\t\t\t\t<\/div>\n\t\t\t\t<div class=\"elementor-element elementor-element-2212817 elementor-widget elementor-widget-image-box\" data-id=\"2212817\" data-element_type=\"widget\" data-e-type=\"widget\" data-widget_type=\"image-box.default\">\n\t\t\t\t\t<div class=\"elementor-image-box-wrapper\"><div class=\"elementor-image-box-content\"><h3 class=\"elementor-image-box-title\">Prix et \u00e9tapes d'achat<\/h3><p class=\"elementor-image-box-description\">Comprenez les co\u00fbts et les \u00e9tapes n\u00e9cessaires pour bien planifier votre projet. Un parcours d\u2019achat simple et transparent pour vous guider vers une installation r\u00e9ussie.<\/p><\/div><\/div>\t\t\t\t<\/div>\n\t\t\t\t<div class=\"elementor-element elementor-element-a15ebd6 elementor-align-justify elementor-widget elementor-widget-button\" data-id=\"a15ebd6\" data-element_type=\"widget\" data-e-type=\"widget\" data-widget_type=\"button.default\">\n\t\t\t\t\t\t\t\t\t\t<a class=\"elementor-button elementor-button-link elementor-size-sm\" href=\"\/fr\/prix-et-etapes-dachat\/\">\n\t\t\t\t\t\t<span class=\"elementor-button-content-wrapper\">\n\t\t\t\t\t\t\t\t\t<span class=\"elementor-button-text\">Prix et \u00e9tapes d'achat<\/span>\n\t\t\t\t\t<\/span>\n\t\t\t\t\t<\/a>\n\t\t\t\t\t\t\t\t<\/div>\n\t\t\t\t<\/div>\n\t\t\t\t\t<\/div>\n\t\t\t\t<\/div>\n\t\t\t\t\t<\/div>\n\t\t\t\t<\/div>\n\t\t<div class=\"elementor-element elementor-element-64e4797 e-flex e-con-boxed e-con e-child\" data-id=\"64e4797\" data-element_type=\"container\" data-e-type=\"container\" data-settings=\"{&quot;background_background&quot;:&quot;classic&quot;}\" data-no-translation=\"\">\n\t\t\t\t\t<div class=\"e-con-inner\">\n\t\t<div class=\"elementor-element elementor-element-be3edd4 e-con-full e-flex e-con e-child\" data-id=\"be3edd4\" data-element_type=\"container\" data-e-type=\"container\">\n\t\t\t\t<div class=\"elementor-element elementor-element-49c5cf2 animated-slow elementor-widget elementor-widget-heading\" data-id=\"49c5cf2\" data-element_type=\"widget\" data-e-type=\"widget\" data-settings=\"{&quot;_animation&quot;:&quot;none&quot;}\" data-widget_type=\"heading.default\">\n\t\t\t\t\t<h2 class=\"elementor-heading-title elementor-size-default\">Boutique<\/h2>\t\t\t\t<\/div>\n\t\t\t\t<div class=\"elementor-element elementor-element-b6c5be8 animated-slow elementor-widget elementor-widget-heading\" data-id=\"b6c5be8\" data-element_type=\"widget\" data-e-type=\"widget\" data-settings=\"{&quot;_animation&quot;:&quot;none&quot;}\" data-widget_type=\"heading.default\">\n\t\t\t\t\t<h2 class=\"elementor-heading-title elementor-size-default\">Tout ce qu\u2019il vous faut pour une piscine ou un spa creus\u00e9.<\/h2>\t\t\t\t<\/div>\n\t\t\t\t<div class=\"elementor-element elementor-element-84372af elementor-widget elementor-widget-text-editor\" data-id=\"84372af\" data-element_type=\"widget\" data-e-type=\"widget\" data-widget_type=\"text-editor.default\">\n\t\t\t\t\t\t\t\t\t<p>\u00c9quipements, pi\u00e8ces de remplacement et produits d\u2019entretien pour piscines et spas creus\u00e9s.<\/p>\t\t\t\t\t\t\t\t<\/div>\n\t\t<div class=\"elementor-element elementor-element-7b3b109 e-con-full e-flex e-con e-child\" data-id=\"7b3b109\" data-element_type=\"container\" data-e-type=\"container\">\n\t\t\t\t<div class=\"elementor-element elementor-element-0abce1e elementor-align-center elementor-widget elementor-widget-button\" data-id=\"0abce1e\" data-element_type=\"widget\" data-e-type=\"widget\" data-widget_type=\"button.default\">\n\t\t\t\t\t\t\t\t\t\t<a class=\"elementor-button elementor-button-link elementor-size-sm\" href=\"https:\/\/aquafibreinnovation.ca\/boutique\/\">\n\t\t\t\t\t\t<span class=\"elementor-button-content-wrapper\">\n\t\t\t\t\t\t<span class=\"elementor-button-icon\">\n\t\t\t\t<svg aria-hidden=\"true\" class=\"e-font-icon-svg e-fas-swimming-pool\" viewbox=\"0 0 640 512\" xmlns=\"http:\/\/www.w3.org\/2000\/svg\"><path d=\"M624 416h-16c-26.04 0-45.8-8.42-56.09-17.9-8.9-8.21-19.66-14.1-31.77-14.1h-16.3c-12.11 0-22.87 5.89-31.77 14.1C461.8 407.58 442.04 416 416 416s-45.8-8.42-56.09-17.9c-8.9-8.21-19.66-14.1-31.77-14.1h-16.3c-12.11 0-22.87 5.89-31.77 14.1C269.8 407.58 250.04 416 224 416s-45.8-8.42-56.09-17.9c-8.9-8.21-19.66-14.1-31.77-14.1h-16.3c-12.11 0-22.87 5.89-31.77 14.1C77.8 407.58 58.04 416 32 416H16c-8.84 0-16 7.16-16 16v32c0 8.84 7.16 16 16 16h16c38.62 0 72.72-12.19 96-31.84 23.28 19.66 57.38 31.84 96 31.84s72.72-12.19 96-31.84c23.28 19.66 57.38 31.84 96 31.84s72.72-12.19 96-31.84c23.28 19.66 57.38 31.84 96 31.84h16c8.84 0 16-7.16 16-16v-32c0-8.84-7.16-16-16-16zm-400-32v-96h192v96c19.12 0 30.86-6.16 34.39-9.42 9.17-8.46 19.2-14.34 29.61-18.07V128c0-17.64 14.36-32 32-32s32 14.36 32 32v16c0 8.84 7.16 16 16 16h32c8.84 0 16-7.16 16-16v-16c0-52.94-43.06-96-96-96s-96 43.06-96 96v96H224v-96c0-17.64 14.36-32 32-32s32 14.36 32 32v16c0 8.84 7.16 16 16 16h32c8.84 0 16-7.16 16-16v-16c0-52.94-43.06-96-96-96s-96 43.06-96 96v228.5c10.41 3.73 20.44 9.62 29.61 18.07 3.53 3.27 15.27 9.43 34.39 9.43z\"><\/path><\/svg>\t\t\t<\/span>\n\t\t\t\t\t\t\t\t\t<span class=\"elementor-button-text\">Voir la boutique<\/span>\n\t\t\t\t\t<\/span>\n\t\t\t\t\t<\/a>\n\t\t\t\t\t\t\t\t<\/div>\n\t\t\t\t<\/div>\n\t\t\t\t<\/div>\n\t\t\t\t\t<\/div>\n\t\t\t\t<\/div>\n\t\t\t\t<\/main>\n\t\t\t\t<\/div>","protected":false},"excerpt":{"rendered":"<p>Plateforme pour les installateurs Formations Apprenez \u00e0 bien pr\u00e9parer l\u2019installation de votre piscine gr\u00e2ce \u00e0 nos formations d\u00e9taill\u00e9es. De la planification aux meilleures pratiques, devenez autonome et confiant dans votre projet. Formations Documentation Consultez nos guides techniques et fiches explicatives pour chaque \u00e9tape de la pr\u00e9paration de votre installation. Des ressources claires pour vous aider [&hellip;]<\/p>\n","protected":false},"author":1,"featured_media":0,"parent":0,"menu_order":0,"comment_status":"closed","ping_status":"closed","template":"","meta":{"footnotes":""},"class_list":["post-21","page","type-page","status-publish","hentry"],"_links":{"self":[{"href":"https:\/\/formation.poolafi.ca\/fr\/wp-json\/wp\/v2\/pages\/21","targetHints":{"allow":["GET"]}}],"collection":[{"href":"https:\/\/formation.poolafi.ca\/fr\/wp-json\/wp\/v2\/pages"}],"about":[{"href":"https:\/\/formation.poolafi.ca\/fr\/wp-json\/wp\/v2\/types\/page"}],"author":[{"embeddable":true,"href":"https:\/\/formation.poolafi.ca\/fr\/wp-json\/wp\/v2\/users\/1"}],"replies":[{"embeddable":true,"href":"https:\/\/formation.poolafi.ca\/fr\/wp-json\/wp\/v2\/comments?post=21"}],"version-history":[{"count":21,"href":"https:\/\/formation.poolafi.ca\/fr\/wp-json\/wp\/v2\/pages\/21\/revisions"}],"predecessor-version":[{"id":1489,"href":"https:\/\/formation.poolafi.ca\/fr\/wp-json\/wp\/v2\/pages\/21\/revisions\/1489"}],"wp:attachment":[{"href":"https:\/\/formation.poolafi.ca\/fr\/wp-json\/wp\/v2\/media?parent=21"}],"curies":[{"name":"wp","href":"https:\/\/api.w.org\/{rel}","templated":true}]}}