{"id":15,"date":"2025-01-16T15:51:47","date_gmt":"2025-01-16T20:51:47","guid":{"rendered":"https:\/\/formation.poolafi.ca\/inscription-apprenant\/"},"modified":"2025-05-11T15:08:47","modified_gmt":"2025-05-11T19:08:47","slug":"inscription-apprenant","status":"publish","type":"page","link":"https:\/\/formation.poolafi.ca\/fr\/inscription-apprenant\/","title":{"rendered":"Inscription apprenant"},"content":{"rendered":"<div id=\"tutor-registration-wrap\">\n\n\t\t\n\t\t<form method=\"post\" enctype=\"multipart\/form-data\" id=\"tutor-registration-form\" action=\"\">\n\t\t\t<input type=\"hidden\" name=\"tutor_course_enroll_attempt\" value=\"\">\n\t\t\t\n\t\t\t<input type=\"hidden\" id=\"_tutor_nonce\" name=\"_tutor_nonce\" value=\"6095f320b1\" \/><input type=\"hidden\" name=\"_wp_http_referer\" value=\"\/fr\/wp-json\/wp\/v2\/pages\/15\" \/>\t\t\t<input type=\"hidden\" value=\"tutor_register_student\" name=\"tutor_action\"\/>\n\n\t\t\t\n\t\t\t<div class=\"tutor-form-row\">\n\t\t\t\t<div class=\"tutor-form-col-6\">\n\t\t\t\t\t<div class=\"tutor-form-group\">\n\t\t\t\t\t\t<label>\n\t\t\t\t\t\t\tFirst Name\t\t\t\t\t\t<\/label>\n\n\t\t\t\t\t\t<input type=\"text\" name=\"first_name\" value=\"\" placeholder=\"First Name\" required autocomplete=\"given-name\">\n\t\t\t\t\t<\/div>\n\t\t\t\t<\/div>\n\n\t\t\t\t<div class=\"tutor-form-col-6\">\n\t\t\t\t\t<div class=\"tutor-form-group\">\n\t\t\t\t\t\t<label>\n\t\t\t\t\t\t\tLast Name\t\t\t\t\t\t<\/label>\n\n\t\t\t\t\t\t<input type=\"text\" name=\"last_name\" value=\"\" placeholder=\"Last Name\" required autocomplete=\"family-name\">\n\t\t\t\t\t<\/div>\n\t\t\t\t<\/div>\n\n\t\t\t<\/div>\n\n\t\t\t<div class=\"tutor-form-row\">\n\t\t\t\t<div class=\"tutor-form-col-6\">\n\t\t\t\t\t<div class=\"tutor-form-group\">\n\t\t\t\t\t\t<label>\n\t\t\t\t\t\t\tUser Name\t\t\t\t\t\t<\/label>\n\n\t\t\t\t\t\t<input type=\"text\" name=\"user_login\" class=\"tutor_user_name\" value=\"\" placeholder=\"User Name\" required autocomplete=\"username\">\n\t\t\t\t\t<\/div>\n\t\t\t\t<\/div>\n <div class=\"tutor-form-row\">\n\n        <div class=\"tutor-form-col-12\">\n            <div class=\"tutor-form-group\">\n                <label>\n                    Phone Number                <\/label>\n\n                <input type=\"text\" name=\"phone_no\" value=\"\" placeholder=\"Phone Number\">\n            <\/div>\n        <\/div>\n\n    <\/div>\n\t\t\t\t\n<div class=\"tutor-form-col-6\">\n<div class=\"tutor-form-group\">\n<label>\nRBQ<\/label>\n<input type=\"text\" name=\"rbq\" value=\"\" placeholder=\"License RBQ (Qu\u00e9bec seulement)\">\n<\/div>\n<\/div>\n\t\t\t\t\n<div class=\"tutor-form-col-6\">\n<div class=\"tutor-form-group\">\n<label>\nCie<\/label>\n<input type=\"text\" name=\"cie\" value=\"\" placeholder=\"Nom de votre compagnie\">\n<\/div>\n<\/div>\n\t\t\t\t\n<div class=\"tutor-form-col-6\">\n<div class=\"tutor-form-group\">\n<label>\nAdresse<\/label>\n<input type=\"text\" name=\"adresse\" value=\"\" placeholder=\"Votre Adresse\">\n<\/div>\n<\/div>\n\n<div class=\"tutor-form-col-6\">\n<div class=\"tutor-form-group\">\n<label>\nR\u00e9f\u00e9rence<\/label>\n<input type=\"text\" name=\"reference\" value=\"\" placeholder=\"O\u00f9 avez-vous entendu parl\u00e9 de nous?\">\n<\/div>\n<\/div>\n\t\t\t\t\n<div class=\"tutor-form-col-6\">\n<div class=\"tutor-form-group\">\n<label>\nType d'utilisateur<\/label>\n<input type=\"radio\" name=\"user_type\" value=\"auto-constructeur\" > Auto-constructeur\t&nbsp;\n<input type=\"radio\" name=\"user_type\" value=\"contracteur\" > Contracteur<\/div>\n<\/div>\n\t\t\t\t\n<div class=\"tutor-form-col-6\">\n<div class=\"tutor-form-group\">\n<label>\nRepr\u00e9sentant<\/label>\n<input type=\"text\" name=\"representant\" value=\"\" placeholder=\"Nom de votre repr\u00e9sentant\">\n<\/div>\n<\/div>\t\t\t\t\n\t\t\t\t<div class=\"tutor-form-col-6\">\n\t\t\t\t\t<div class=\"tutor-form-group\">\n\t\t\t\t\t\t<label>\n\t\t\t\t\t\t\tE-Mail\t\t\t\t\t\t<\/label>\n\n\t\t\t\t\t\t<input type=\"text\" name=\"email\" value=\"\" placeholder=\"E-Mail\" required autocomplete=\"email\">\n\t\t\t\t\t<\/div>\n\t\t\t\t<\/div>\n\n\t\t\t<\/div>\n\n\t\t\t<div class=\"tutor-form-row\">\n\t\t\t\t<div class=\"tutor-form-col-6\">\n\t\t\t\t\t<div class=\"tutor-form-group\">\n\t\t\t\t\t\t<div class=\"tutor-password-strength-checker\">\n\t\t\t\t\t\t\t<div class=\"tutor-password-field\">\n\t\t\t\t\t\t\t\t<label>\n\t\t\t\t\t\t\t\t\tPassword\t\t\t\t\t\t\t\t<\/label>\n\n\t\t\t\t\t\t\t\t<input class=\"password-checker\" id=\"tutor-new-password\" type=\"password\" name=\"password\" value=\"\" placeholder=\"Password\" required autocomplete=\"new-password\" style=\"margin-bottom: 0;\">\n\t\t\t\t\t\t\t\t<span class=\"show-hide-btn\"><\/span>\n\t\t\t\t\t\t\t<\/div>\n\n\t\t\t\t\t\t\t<div class=\"tutor-password-strength-hint\">\n\t\t\t\t\t\t\t\t<div class=\"indicator\">\n\t\t\t\t\t\t\t\t\t<span class=\"weak\"><\/span>\n\t\t\t\t\t\t\t\t\t<span class=\"medium\"><\/span>\n\t\t\t\t\t\t\t\t\t<span class=\"strong\"><\/span>\n\t\t\t\t\t\t\t\t<\/div>\n\t\t\t\t\t\t\t\t<div class=\"text tutor-fs-7 tutor-color-muted\"><\/div>\n\t\t\t\t\t\t\t<\/div>\n\t\t\t\t\t\t<\/div>\n\t\t\t\t\t<\/div>\n\t\t\t\t<\/div>\n\n\t\t\t\t<div class=\"tutor-form-col-6\">\n\t\t\t\t\t<div class=\"tutor-form-group\">\n\t\t\t\t\t\t<label>\n\t\t\t\t\t\t\tPassword confirmation\t\t\t\t\t\t<\/label>\n\n\t\t\t\t\t\t<div class=\"tutor-form-wrap\">\n\t\t\t\t\t\t\t<span class=\"tutor-validation-icon tutor-icon-mark tutor-color-success tutor-form-icon tutor-form-icon-reverse\" style=\"display: none;\"><\/span>\n\t\t\t\t\t\t\t<input type=\"password\" name=\"password_confirmation\" value=\"\" placeholder=\"Password Confirmation\" required autocomplete=\"new-password\" style=\"margin-bottom: 0;\">\n\t\t\t\t\t\t<\/div>\n\t\t\t\t\t<\/div>\n\t\t\t\t<\/div>\n\t\t\t<\/div>\n\n\n\t\t\t<div class=\"tutor-form-row\">\n\t\t\t\t<div class=\"tutor-form-col-12\">\n\t\t\t\t\t<div class=\"tutor-form-group\">\n\t\t\t\t\t\t\t\t\t\t<\/div>\n\t\t\t\t<\/div>\n\t\t\t<\/div>    \n\n\t\t\t\n\t\t\t\t\t\t\n\t\t\t<div>\n\t\t\t\t<button type=\"submit\" name=\"tutor_register_student_btn\" value=\"register\" class=\"tutor-btn tutor-btn-primary tutor-btn-block\">Register<\/button>\n\t\t\t<\/div>\n\t\t\t\t\t\t\n\t\t<input type=\"hidden\" name=\"trp-form-language\" value=\"fr\"\/><\/form>\n\t\t\t\t\n\t<\/div>","protected":false},"excerpt":{"rendered":"<p>First Name Last Name User Name Phone Number RBQ Cie Adresse R\u00e9f\u00e9rence Type d&#8217;utilisateur Auto-constructeur &nbsp; Contracteur Repr\u00e9sentant E-Mail Password Password confirmation Register<\/p>","protected":false},"author":1,"featured_media":0,"parent":0,"menu_order":0,"comment_status":"closed","ping_status":"closed","template":"","meta":{"footnotes":""},"class_list":["post-15","page","type-page","status-publish","hentry"],"_links":{"self":[{"href":"https:\/\/formation.poolafi.ca\/fr\/wp-json\/wp\/v2\/pages\/15","targetHints":{"allow":["GET"]}}],"collection":[{"href":"https:\/\/formation.poolafi.ca\/fr\/wp-json\/wp\/v2\/pages"}],"about":[{"href":"https:\/\/formation.poolafi.ca\/fr\/wp-json\/wp\/v2\/types\/page"}],"author":[{"embeddable":true,"href":"https:\/\/formation.poolafi.ca\/fr\/wp-json\/wp\/v2\/users\/1"}],"replies":[{"embeddable":true,"href":"https:\/\/formation.poolafi.ca\/fr\/wp-json\/wp\/v2\/comments?post=15"}],"version-history":[{"count":2,"href":"https:\/\/formation.poolafi.ca\/fr\/wp-json\/wp\/v2\/pages\/15\/revisions"}],"predecessor-version":[{"id":1308,"href":"https:\/\/formation.poolafi.ca\/fr\/wp-json\/wp\/v2\/pages\/15\/revisions\/1308"}],"wp:attachment":[{"href":"https:\/\/formation.poolafi.ca\/fr\/wp-json\/wp\/v2\/media?parent=15"}],"curies":[{"name":"wp","href":"https:\/\/api.w.org\/{rel}","templated":true}]}}