{"id":1098,"date":"2025-04-08T20:29:45","date_gmt":"2025-04-09T00:29:45","guid":{"rendered":"https:\/\/formation.poolafi.ca\/?page_id=1098"},"modified":"2025-07-22T16:29:01","modified_gmt":"2025-07-22T20:29:01","slug":"garantie","status":"publish","type":"page","link":"https:\/\/formation.poolafi.ca\/fr\/garantie\/","title":{"rendered":"Garantie"},"content":{"rendered":"<div data-elementor-type=\"wp-page\" data-elementor-id=\"1098\" class=\"elementor elementor-1098\" data-elementor-post-type=\"page\">\n\t\t\t\t<main class=\"elementor-element elementor-element-6a20d31 e-flex e-con-boxed e-con e-parent\" data-id=\"6a20d31\" data-element_type=\"container\" data-e-type=\"container\">\n\t\t\t\t\t<div class=\"e-con-inner\">\n\t\t<div class=\"elementor-element elementor-element-a57f1ff e-con-full e-flex e-con e-child\" data-id=\"a57f1ff\" data-element_type=\"container\" data-e-type=\"container\" data-settings=\"{&quot;background_background&quot;:&quot;classic&quot;}\" data-no-translation=\"\">\n\t\t\t\t<div class=\"elementor-element elementor-element-564b67d elementor-widget elementor-widget-heading\" data-id=\"564b67d\" data-element_type=\"widget\" data-e-type=\"widget\" data-widget_type=\"heading.default\">\n\t\t\t\t\t<h2 class=\"elementor-heading-title elementor-size-default\">Notre Garantie<\/h2>\t\t\t\t<\/div>\n\t\t<div class=\"elementor-element elementor-element-179dd1c e-con-full e-flex e-con e-child\" data-id=\"179dd1c\" data-element_type=\"container\" data-e-type=\"container\">\n\t\t<div class=\"elementor-element elementor-element-4e7a8c1 animated-slow e-con-full e-flex e-con e-child\" data-id=\"4e7a8c1\" data-element_type=\"container\" data-e-type=\"container\" data-settings=\"{&quot;animation&quot;:&quot;none&quot;,&quot;animation_delay&quot;:150}\">\n\t\t<div class=\"elementor-element elementor-element-870a27b e-flex e-con-boxed e-con e-child\" data-id=\"870a27b\" data-element_type=\"container\" data-e-type=\"container\">\n\t\t\t\t\t<div class=\"e-con-inner\">\n\t\t\t\t<div class=\"elementor-element elementor-element-7995896 elementor-widget elementor-widget-heading\" data-id=\"7995896\" data-element_type=\"widget\" data-e-type=\"widget\" data-widget_type=\"heading.default\">\n\t\t\t\t\t<h2 class=\"elementor-heading-title elementor-size-default\">Garantie - FR<\/h2>\t\t\t\t<\/div>\n\t\t\t\t\t<\/div>\n\t\t\t\t<\/div>\n\t\t<div class=\"elementor-element elementor-element-7570131 e-flex e-con-boxed e-con e-child\" data-id=\"7570131\" data-element_type=\"container\" data-e-type=\"container\">\n\t\t\t\t\t<div class=\"e-con-inner\">\n\t\t\t\t<div class=\"elementor-element elementor-element-61ec5cd elementor-widget elementor-widget-text-editor\" data-id=\"61ec5cd\" data-element_type=\"widget\" data-e-type=\"widget\" data-widget_type=\"text-editor.default\">\n\t\t\t\t\t\t\t\t\t<p>Consulter la garantie de Piscine AFI est crucial pour conna\u00eetre vos protections, r\u00e9soudre les probl\u00e8mes rapidement et garantir la qualit\u00e9 et la durabilit\u00e9 du produit.<\/p>\t\t\t\t\t\t\t\t<\/div>\n\t\t\t\t\t<\/div>\n\t\t\t\t<\/div>\n\t\t<div class=\"elementor-element elementor-element-4aa72ab e-flex e-con-boxed e-con e-child\" data-id=\"4aa72ab\" data-element_type=\"container\" data-e-type=\"container\">\n\t\t\t\t\t<div class=\"e-con-inner\">\n\t\t\t\t<div class=\"elementor-element elementor-element-b5a6dd3 elementor-align-justify elementor-widget elementor-widget-button\" data-id=\"b5a6dd3\" data-element_type=\"widget\" data-e-type=\"widget\" data-widget_type=\"button.default\">\n\t\t\t\t\t\t\t\t\t\t<a class=\"elementor-button elementor-button-link elementor-size-sm\" href=\"https:\/\/formation.poolafi.ca\/wp-content\/uploads\/2025\/04\/Garantie_AFI_2024.pdf\" target=\"_blank\" rel=\"nofollow\" download=\"Garantie AFI FR.pdf\">\n\t\t\t\t\t\t<span class=\"elementor-button-content-wrapper\">\n\t\t\t\t\t\t<span class=\"elementor-button-icon\">\n\t\t\t\t<svg aria-hidden=\"true\" class=\"e-font-icon-svg e-fas-file-pdf\" viewbox=\"0 0 384 512\" xmlns=\"http:\/\/www.w3.org\/2000\/svg\"><path d=\"M181.9 256.1c-5-16-4.9-46.9-2-46.9 8.4 0 7.6 36.9 2 46.9zm-1.7 47.2c-7.7 20.2-17.3 43.3-28.4 62.7 18.3-7 39-17.2 62.9-21.9-12.7-9.6-24.9-23.4-34.5-40.8zM86.1 428.1c0 .8 13.2-5.4 34.9-40.2-6.7 6.3-29.1 24.5-34.9 40.2zM248 160h136v328c0 13.3-10.7 24-24 24H24c-13.3 0-24-10.7-24-24V24C0 10.7 10.7 0 24 0h200v136c0 13.2 10.8 24 24 24zm-8 171.8c-20-12.2-33.3-29-42.7-53.8 4.5-18.5 11.6-46.6 6.2-64.2-4.7-29.4-42.4-26.5-47.8-6.8-5 18.3-.4 44.1 8.1 77-11.6 27.6-28.7 64.6-40.8 85.8-.1 0-.1.1-.2.1-27.1 13.9-73.6 44.5-54.5 68 5.6 6.9 16 10 21.5 10 17.9 0 35.7-18 61.1-61.8 25.8-8.5 54.1-19.1 79-23.2 21.7 11.8 47.1 19.5 64 19.5 29.2 0 31.2-32 19.7-43.4-13.9-13.6-54.3-9.7-73.6-7.2zM377 105L279 7c-4.5-4.5-10.6-7-17-7h-6v128h128v-6.1c0-6.3-2.5-12.4-7-16.9zm-74.1 255.3c4.1-2.7-2.5-11.9-42.8-9 37.1 15.8 42.8 9 42.8 9z\"><\/path><\/svg>\t\t\t<\/span>\n\t\t\t\t\t\t\t\t\t<span class=\"elementor-button-text\">T\u00e9l\u00e9charger<\/span>\n\t\t\t\t\t<\/span>\n\t\t\t\t\t<\/a>\n\t\t\t\t\t\t\t\t<\/div>\n\t\t\t\t\t<\/div>\n\t\t\t\t<\/div>\n\t\t\t\t<\/div>\n\t\t\t\t<\/div>\n\t\t\t\t<\/div>\n\t\t\t\t\t<\/div>\n\t\t\t\t<\/main>\n\t\t\t\t<\/div>","protected":false},"excerpt":{"rendered":"<p>Notre Garantie Garantie &#8211; FR Consulter la garantie de Piscine AFI est crucial pour conna\u00eetre vos protections, r\u00e9soudre les probl\u00e8mes rapidement et garantir la qualit\u00e9 et la durabilit\u00e9 du produit. T\u00e9l\u00e9charger Our warranty Warranty &#8211; EN Consulting Pool AFI&#8217;s warranty is crucial to knowing your coverage, resolving problems quickly and ensuring product quality and durability. [&hellip;]<\/p>\n","protected":false},"author":1,"featured_media":0,"parent":0,"menu_order":0,"comment_status":"closed","ping_status":"closed","template":"","meta":{"footnotes":""},"class_list":["post-1098","page","type-page","status-publish","hentry"],"_links":{"self":[{"href":"https:\/\/formation.poolafi.ca\/fr\/wp-json\/wp\/v2\/pages\/1098","targetHints":{"allow":["GET"]}}],"collection":[{"href":"https:\/\/formation.poolafi.ca\/fr\/wp-json\/wp\/v2\/pages"}],"about":[{"href":"https:\/\/formation.poolafi.ca\/fr\/wp-json\/wp\/v2\/types\/page"}],"author":[{"embeddable":true,"href":"https:\/\/formation.poolafi.ca\/fr\/wp-json\/wp\/v2\/users\/1"}],"replies":[{"embeddable":true,"href":"https:\/\/formation.poolafi.ca\/fr\/wp-json\/wp\/v2\/comments?post=1098"}],"version-history":[{"count":25,"href":"https:\/\/formation.poolafi.ca\/fr\/wp-json\/wp\/v2\/pages\/1098\/revisions"}],"predecessor-version":[{"id":1462,"href":"https:\/\/formation.poolafi.ca\/fr\/wp-json\/wp\/v2\/pages\/1098\/revisions\/1462"}],"wp:attachment":[{"href":"https:\/\/formation.poolafi.ca\/fr\/wp-json\/wp\/v2\/media?parent=1098"}],"curies":[{"name":"wp","href":"https:\/\/api.w.org\/{rel}","templated":true}]}}