{"id":1073,"date":"2025-04-08T20:14:18","date_gmt":"2025-04-09T00:14:18","guid":{"rendered":"https:\/\/formation.poolafi.ca\/?page_id=1073"},"modified":"2025-07-22T17:46:58","modified_gmt":"2025-07-22T21:46:58","slug":"nous-joindre","status":"publish","type":"page","link":"https:\/\/formation.poolafi.ca\/fr\/nous-joindre\/","title":{"rendered":"Nous joindre"},"content":{"rendered":"<div data-elementor-type=\"wp-page\" data-elementor-id=\"1073\" class=\"elementor elementor-1073\" data-elementor-post-type=\"page\">\n\t\t\t\t<main class=\"elementor-element elementor-element-bae2ddd e-con-full e-flex e-con e-parent\" data-id=\"bae2ddd\" data-element_type=\"container\" data-e-type=\"container\">\n\t\t<div class=\"elementor-element elementor-element-737794a e-flex e-con-boxed e-con e-child\" data-id=\"737794a\" data-element_type=\"container\" data-e-type=\"container\" data-settings=\"{&quot;background_background&quot;:&quot;classic&quot;}\" data-no-translation=\"\">\n\t\t\t\t\t<div class=\"e-con-inner\">\n\t\t<div class=\"elementor-element elementor-element-62ee071 e-flex e-con-boxed e-con e-child\" data-id=\"62ee071\" data-element_type=\"container\" data-e-type=\"container\">\n\t\t\t\t\t<div class=\"e-con-inner\">\n\t\t\t\t<div class=\"elementor-element elementor-element-d70df98 animated-slow elementor-invisible elementor-widget elementor-widget-heading\" data-id=\"d70df98\" data-element_type=\"widget\" data-e-type=\"widget\" data-settings=\"{&quot;_animation&quot;:&quot;slideInUp&quot;}\" data-widget_type=\"heading.default\">\n\t\t\t\t\t<h2 class=\"elementor-heading-title elementor-size-default\">Qu\u00e9bec<\/h2>\t\t\t\t<\/div>\n\t\t\t\t\t<\/div>\n\t\t\t\t<\/div>\n\t\t<div class=\"elementor-element elementor-element-93bf504 e-con-full e-flex e-con e-child\" data-id=\"93bf504\" data-element_type=\"container\" data-e-type=\"container\">\n\t\t<div class=\"elementor-element elementor-element-65d9d84 e-con-full e-flex e-con e-child\" data-id=\"65d9d84\" data-element_type=\"container\" data-e-type=\"container\">\n\t\t\t\t<div class=\"elementor-element elementor-element-9d7126d elementor-widget__width-inherit elementor-widget-divider--view-line elementor-widget elementor-widget-divider\" data-id=\"9d7126d\" data-element_type=\"widget\" data-e-type=\"widget\" data-widget_type=\"divider.default\">\n\t\t\t\t\t\t\t<div class=\"elementor-divider\">\n\t\t\t<span class=\"elementor-divider-separator\">\n\t\t\t\t\t\t<\/span>\n\t\t<\/div>\n\t\t\t\t\t\t<\/div>\n\t\t\t\t<div class=\"elementor-element elementor-element-1cefd9c elementor-position-top elementor-invisible elementor-widget elementor-widget-image-box\" data-id=\"1cefd9c\" data-element_type=\"widget\" data-e-type=\"widget\" data-settings=\"{&quot;_animation&quot;:&quot;slideInUp&quot;}\" data-widget_type=\"image-box.default\">\n\t\t\t\t\t<div class=\"elementor-image-box-wrapper\"><figure class=\"elementor-image-box-img\"><img decoding=\"async\" width=\"80\" height=\"80\" src=\"https:\/\/formation.poolafi.ca\/wp-content\/uploads\/2025\/04\/call-1.png\" class=\"elementor-animation-grow attachment-full size-full wp-image-1075\" alt=\"\" srcset=\"https:\/\/formation.poolafi.ca\/wp-content\/uploads\/2025\/04\/call-1.png 80w, https:\/\/formation.poolafi.ca\/wp-content\/uploads\/2025\/04\/call-1-12x12.webp 12w, https:\/\/formation.poolafi.ca\/wp-content\/uploads\/2025\/04\/call-1-50x50.webp 50w\" sizes=\"(max-width: 80px) 100vw, 80px\" \/><\/figure><div class=\"elementor-image-box-content\"><h3 class=\"elementor-image-box-title\">T\u00e9l\u00e9phone<\/h3><p class=\"elementor-image-box-description\">418 871-0658<br>\nSans frais : 1 800 708-7789<\/p><\/div><\/div>\t\t\t\t<\/div>\n\t\t\t\t<\/div>\n\t\t<div class=\"elementor-element elementor-element-40463f8 e-con-full e-flex e-con e-child\" data-id=\"40463f8\" data-element_type=\"container\" data-e-type=\"container\">\n\t\t\t\t<div class=\"elementor-element elementor-element-e73f577 elementor-widget__width-inherit elementor-widget-divider--view-line elementor-widget elementor-widget-divider\" data-id=\"e73f577\" data-element_type=\"widget\" data-e-type=\"widget\" data-widget_type=\"divider.default\">\n\t\t\t\t\t\t\t<div class=\"elementor-divider\">\n\t\t\t<span class=\"elementor-divider-separator\">\n\t\t\t\t\t\t<\/span>\n\t\t<\/div>\n\t\t\t\t\t\t<\/div>\n\t\t\t\t<div class=\"elementor-element elementor-element-c7ef12c elementor-widget__width-initial elementor-position-top elementor-invisible elementor-widget elementor-widget-image-box\" data-id=\"c7ef12c\" data-element_type=\"widget\" data-e-type=\"widget\" data-settings=\"{&quot;_animation&quot;:&quot;slideInUp&quot;,&quot;_animation_delay&quot;:100}\" data-widget_type=\"image-box.default\">\n\t\t\t\t\t<div class=\"elementor-image-box-wrapper\"><figure class=\"elementor-image-box-img\"><img decoding=\"async\" width=\"80\" height=\"80\" src=\"https:\/\/formation.poolafi.ca\/wp-content\/uploads\/2025\/04\/envelope-1.png\" class=\"elementor-animation-grow attachment-full size-full wp-image-1076\" alt=\"\" srcset=\"https:\/\/formation.poolafi.ca\/wp-content\/uploads\/2025\/04\/envelope-1.png 80w, https:\/\/formation.poolafi.ca\/wp-content\/uploads\/2025\/04\/envelope-1-12x12.webp 12w, https:\/\/formation.poolafi.ca\/wp-content\/uploads\/2025\/04\/envelope-1-50x50.webp 50w\" sizes=\"(max-width: 80px) 100vw, 80px\" \/><\/figure><div class=\"elementor-image-box-content\"><h3 class=\"elementor-image-box-title\">Courriel<\/h3><p class=\"elementor-image-box-description\">vente@aquafibreinnovation.ca<\/p><\/div><\/div>\t\t\t\t<\/div>\n\t\t\t\t<\/div>\n\t\t<div class=\"elementor-element elementor-element-6523fa8 e-con-full e-flex e-con e-child\" data-id=\"6523fa8\" data-element_type=\"container\" data-e-type=\"container\">\n\t\t\t\t<div class=\"elementor-element elementor-element-411acdc elementor-widget__width-inherit elementor-widget-divider--view-line elementor-widget elementor-widget-divider\" data-id=\"411acdc\" data-element_type=\"widget\" data-e-type=\"widget\" data-widget_type=\"divider.default\">\n\t\t\t\t\t\t\t<div class=\"elementor-divider\">\n\t\t\t<span class=\"elementor-divider-separator\">\n\t\t\t\t\t\t<\/span>\n\t\t<\/div>\n\t\t\t\t\t\t<\/div>\n\t\t\t\t<div class=\"elementor-element elementor-element-80daf74 elementor-position-top elementor-invisible elementor-widget elementor-widget-image-box\" data-id=\"80daf74\" data-element_type=\"widget\" data-e-type=\"widget\" data-settings=\"{&quot;_animation&quot;:&quot;slideInUp&quot;,&quot;_animation_delay&quot;:100}\" data-widget_type=\"image-box.default\">\n\t\t\t\t\t<div class=\"elementor-image-box-wrapper\"><figure class=\"elementor-image-box-img\"><img decoding=\"async\" width=\"80\" height=\"80\" src=\"https:\/\/formation.poolafi.ca\/wp-content\/uploads\/2025\/04\/clock-1.png\" class=\"elementor-animation-grow attachment-full size-full wp-image-1077\" alt=\"\" srcset=\"https:\/\/formation.poolafi.ca\/wp-content\/uploads\/2025\/04\/clock-1.png 80w, https:\/\/formation.poolafi.ca\/wp-content\/uploads\/2025\/04\/clock-1-12x12.webp 12w, https:\/\/formation.poolafi.ca\/wp-content\/uploads\/2025\/04\/clock-1-50x50.webp 50w\" sizes=\"(max-width: 80px) 100vw, 80px\" \/><\/figure><div class=\"elementor-image-box-content\"><h3 class=\"elementor-image-box-title\">Horaire<\/h3><p class=\"elementor-image-box-description\">Lundi au vendredi: 9h00 \u00e0 16h00\nSoirs et weekends: sur rendez-vous<\/p><\/div><\/div>\t\t\t\t<\/div>\n\t\t\t\t<\/div>\n\t\t\t\t<\/div>\n\t\t<div class=\"elementor-element elementor-element-21eb71c e-con-full e-flex e-con e-child\" data-id=\"21eb71c\" data-element_type=\"container\" data-e-type=\"container\">\n\t\t<div class=\"elementor-element elementor-element-520f87e e-con-full e-flex e-con e-child\" data-id=\"520f87e\" data-element_type=\"container\" data-e-type=\"container\">\n\t\t\t\t<div class=\"elementor-element elementor-element-cc97f57 elementor-widget__width-inherit elementor-widget-divider--view-line elementor-widget elementor-widget-divider\" data-id=\"cc97f57\" data-element_type=\"widget\" data-e-type=\"widget\" data-widget_type=\"divider.default\">\n\t\t\t\t\t\t\t<div class=\"elementor-divider\">\n\t\t\t<span class=\"elementor-divider-separator\">\n\t\t\t\t\t\t<\/span>\n\t\t<\/div>\n\t\t\t\t\t\t<\/div>\n\t\t\t\t<div class=\"elementor-element elementor-element-6e3791e elementor-position-top elementor-invisible elementor-widget elementor-widget-image-box\" data-id=\"6e3791e\" data-element_type=\"widget\" data-e-type=\"widget\" data-settings=\"{&quot;_animation&quot;:&quot;slideInUp&quot;,&quot;_animation_delay&quot;:100}\" data-widget_type=\"image-box.default\">\n\t\t\t\t\t<div class=\"elementor-image-box-wrapper\"><figure class=\"elementor-image-box-img\"><img loading=\"lazy\" decoding=\"async\" width=\"80\" height=\"80\" src=\"https:\/\/formation.poolafi.ca\/wp-content\/uploads\/2025\/04\/location.png\" class=\"elementor-animation-grow attachment-full size-full wp-image-1078\" alt=\"\" srcset=\"https:\/\/formation.poolafi.ca\/wp-content\/uploads\/2025\/04\/location.png 80w, https:\/\/formation.poolafi.ca\/wp-content\/uploads\/2025\/04\/location-12x12.webp 12w, https:\/\/formation.poolafi.ca\/wp-content\/uploads\/2025\/04\/location-50x50.webp 50w\" sizes=\"(max-width: 80px) 100vw, 80px\" \/><\/figure><div class=\"elementor-image-box-content\"><h3 class=\"elementor-image-box-title\">Bureau vente \/ Administration<\/h3><p class=\"elementor-image-box-description\">14652, Boul. De La Colline Qu\u00e9bec, Qu\u00e9bec\/Canada G3E 1H2<\/p><\/div><\/div>\t\t\t\t<\/div>\n\t\t\t\t<\/div>\n\t\t<div class=\"elementor-element elementor-element-8f0da45 e-con-full e-flex e-con e-child\" data-id=\"8f0da45\" data-element_type=\"container\" data-e-type=\"container\">\n\t\t\t\t<div class=\"elementor-element elementor-element-7e8acd3 elementor-widget__width-inherit elementor-widget-divider--view-line elementor-widget elementor-widget-divider\" data-id=\"7e8acd3\" data-element_type=\"widget\" data-e-type=\"widget\" data-widget_type=\"divider.default\">\n\t\t\t\t\t\t\t<div class=\"elementor-divider\">\n\t\t\t<span class=\"elementor-divider-separator\">\n\t\t\t\t\t\t<\/span>\n\t\t<\/div>\n\t\t\t\t\t\t<\/div>\n\t\t\t\t<div class=\"elementor-element elementor-element-260a7fa elementor-position-top elementor-invisible elementor-widget elementor-widget-image-box\" data-id=\"260a7fa\" data-element_type=\"widget\" data-e-type=\"widget\" data-settings=\"{&quot;_animation&quot;:&quot;slideInUp&quot;,&quot;_animation_delay&quot;:100}\" data-widget_type=\"image-box.default\">\n\t\t\t\t\t<div class=\"elementor-image-box-wrapper\"><figure class=\"elementor-image-box-img\"><img loading=\"lazy\" decoding=\"async\" width=\"80\" height=\"80\" src=\"https:\/\/formation.poolafi.ca\/wp-content\/uploads\/2025\/04\/location.png\" class=\"elementor-animation-grow attachment-full size-full wp-image-1078\" alt=\"\" srcset=\"https:\/\/formation.poolafi.ca\/wp-content\/uploads\/2025\/04\/location.png 80w, https:\/\/formation.poolafi.ca\/wp-content\/uploads\/2025\/04\/location-12x12.webp 12w, https:\/\/formation.poolafi.ca\/wp-content\/uploads\/2025\/04\/location-50x50.webp 50w\" sizes=\"(max-width: 80px) 100vw, 80px\" \/><\/figure><div class=\"elementor-image-box-content\"><h3 class=\"elementor-image-box-title\">Usine<\/h3><p class=\"elementor-image-box-description\">1007 Rue Chef Max Gros-Louis\nWendake, Qu\u00e9bec Canada\nG0A 4V0<\/p><\/div><\/div>\t\t\t\t<\/div>\n\t\t\t\t<\/div>\n\t\t\t\t<\/div>\n\t\t\t\t\t<\/div>\n\t\t\t\t<\/div>\n\t\t<div class=\"elementor-element elementor-element-605d0e6 e-flex e-con-boxed e-con e-child\" data-id=\"605d0e6\" data-element_type=\"container\" data-e-type=\"container\" data-settings=\"{&quot;background_background&quot;:&quot;classic&quot;}\" data-no-translation=\"\">\n\t\t\t\t\t<div class=\"e-con-inner\">\n\t\t\t\t<div class=\"elementor-element elementor-element-c8c9f79 elementor-widget elementor-widget-html\" data-id=\"c8c9f79\" data-element_type=\"widget\" data-e-type=\"widget\" data-widget_type=\"html.default\">\n\t\t\t\t\t<iframe src=\"https:\/\/forms.monday.com\/forms\/embed\/d167790d8680f3120808012857e11b39?r=use1\" width=\"500\" height=\"1500\" style=\"border: 0; box-shadow: 5px 5px 56px 0px rgba(0,0,0,0.25);\"><\/iframe>\t\t\t\t<\/div>\n\t\t\t\t\t<\/div>\n\t\t\t\t<\/div>\n\t\t\t\t<\/main>\n\t\t\t\t<\/div>","protected":false},"excerpt":{"rendered":"<p>Qu\u00e9bec T\u00e9l\u00e9phone 418 871-0658 Sans frais : 1 800 708-7789 Courriel vente@aquafibreinnovation.ca Horaire Lundi au vendredi: 9h00 \u00e0 16h00 Soirs et weekends: sur rendez-vous Bureau vente \/ Administration 14652, Boul. De La Colline Qu\u00e9bec, Qu\u00e9bec\/Canada G3E 1H2 Usine 1007 Rue Chef Max Gros-Louis Wendake, Qu\u00e9bec Canada G0A 4V0 Ontario Phone (416)860-5948 Email ontariosales@aquafibreinnovation.ca<\/p>","protected":false},"author":1,"featured_media":0,"parent":0,"menu_order":0,"comment_status":"closed","ping_status":"closed","template":"","meta":{"footnotes":""},"class_list":["post-1073","page","type-page","status-publish","hentry"],"_links":{"self":[{"href":"https:\/\/formation.poolafi.ca\/fr\/wp-json\/wp\/v2\/pages\/1073","targetHints":{"allow":["GET"]}}],"collection":[{"href":"https:\/\/formation.poolafi.ca\/fr\/wp-json\/wp\/v2\/pages"}],"about":[{"href":"https:\/\/formation.poolafi.ca\/fr\/wp-json\/wp\/v2\/types\/page"}],"author":[{"embeddable":true,"href":"https:\/\/formation.poolafi.ca\/fr\/wp-json\/wp\/v2\/users\/1"}],"replies":[{"embeddable":true,"href":"https:\/\/formation.poolafi.ca\/fr\/wp-json\/wp\/v2\/comments?post=1073"}],"version-history":[{"count":25,"href":"https:\/\/formation.poolafi.ca\/fr\/wp-json\/wp\/v2\/pages\/1073\/revisions"}],"predecessor-version":[{"id":1504,"href":"https:\/\/formation.poolafi.ca\/fr\/wp-json\/wp\/v2\/pages\/1073\/revisions\/1504"}],"wp:attachment":[{"href":"https:\/\/formation.poolafi.ca\/fr\/wp-json\/wp\/v2\/media?parent=1073"}],"curies":[{"name":"wp","href":"https:\/\/api.w.org\/{rel}","templated":true}]}}